{"id":11,"date":"2026-03-01T10:18:44","date_gmt":"2026-03-01T10:18:44","guid":{"rendered":"http:\/\/nouveau.faunessenew.be\/?page_id=11"},"modified":"2026-03-10T21:37:15","modified_gmt":"2026-03-10T21:37:15","slug":"lacher-de-colombes","status":"publish","type":"page","link":"https:\/\/faunessence.be\/index.php\/lacher-de-colombes\/","title":{"rendered":"L\u00e2cher de colombes"},"content":{"rendered":"\n<h1 class=\"wp-block-heading has-text-align-center\">L\u00e2cher de colombes : un moment magique<\/h1>\n\n\n\n<p>Offrez \u00e0 votre \u00e9v\u00e9nement <strong>\u00e9l\u00e9gance, \u00e9motion et originalit\u00e9<\/strong> gr\u00e2ce \u00e0 nos colombes, symbole de <strong>paix, libert\u00e9 et amour fid\u00e8le<\/strong>.<\/p>\n\n\n\n<p><strong>Mariage, bapt\u00eame, communion ou hommage symbolique<\/strong>, nos l\u00e2chers cr\u00e9ent des souvenirs inoubliables pour vous et vos invit\u00e9s.<\/p>\n\n\n\n<h3 class=\"wp-block-heading\">Nos formules<\/h3>\n\n\n\n<ul class=\"wp-block-list\">\n<li><strong>Couple de colombes \u2013 60 \u20ac<\/strong><br>Deux colombes se posent dans vos mains et s\u2019envolent dans le ciel, un instant po\u00e9tique et \u00e9mouvant. Bo\u00eetes de transport jetables fournies ou panier traditionnel pr\u00eat\u00e9 contre caution.<\/li>\n\n\n\n<li><strong>Groupe de 7 ou 10 colombes \u2013 150 \u00e0 200 \u20ac<\/strong><br>Combinez un couple de colombes avec un groupe suppl\u00e9mentaire pour un effet spectaculaire. Le panier de c\u00e9r\u00e9monie est fourni contre caution.<\/li>\n<\/ul>\n\n\n\n<h3 class=\"wp-block-heading\">Informations pratiques<\/h3>\n\n\n\n<ul class=\"wp-block-list\">\n<li>L\u00e2chers possibles dans un rayon d\u2019environ <strong>60 km autour de Papignies (Lessines \u2013 Belgique)<\/strong><\/li>\n\n\n\n<li>Colombes \u00e0 r\u00e9cup\u00e9rer la veille pour un l\u00e2cher <strong>r\u00e9ussi et en toute s\u00e9curit\u00e9<\/strong><\/li>\n<\/ul>\n\n\n\n<h3 class=\"wp-block-heading\">R\u00e9servation<\/h3>\n\n\n\n<p>\ud83d\udce9 <strong>Int\u00e9ress\u00e9(e) ? <a href=\"mailto:info@faunessence.be\" data-type=\"mailto\" data-id=\"mailto:info@faunessenew.be\">Contactez-nous<\/a> pour r\u00e9server votre l\u00e2cher de colombes<\/strong> <strong>ou obtenir plus d\u2019infos.<\/strong><br>\ud83c\udf81 <strong>Une exp\u00e9rience unique avec un ch\u00e8que-cadeau<\/strong>, disponible sur notre <a href=\"https:\/\/www.faunatshop.com\/fr\/accueil\/51-355-lacher-d-un-couple-de-colombes.html#\/100-lacher-couple_de_colombes\" data-type=\"link\" data-id=\"https:\/\/www.faunatshop.com\/fr\/accueil\/51-355-lacher-d-un-couple-de-colombes.html#\/100-lacher-couple_de_colombes\" target=\"_blank\" rel=\"noreferrer noopener\">boutique en ligne<\/a><\/p>\n\n\n\n<p><\/p>\n","protected":false},"excerpt":{"rendered":"<p>L\u00e2cher de colombes : un moment magique Offrez \u00e0 votre \u00e9v\u00e9nement \u00e9l\u00e9gance, \u00e9motion et originalit\u00e9 gr\u00e2ce \u00e0 nos colombes, symbole de paix, libert\u00e9 et amour fid\u00e8le. Mariage, bapt\u00eame, communion ou hommage symbolique, nos l\u00e2chers cr\u00e9ent des souvenirs inoubliables pour vous et vos invit\u00e9s. Nos formules Informations pratiques R\u00e9servation \ud83d\udce9 Int\u00e9ress\u00e9(e) ? Contactez-nous pour r\u00e9server votre l\u00e2cher de colombes ou obtenir plus d\u2019infos.\ud83c\udf81 Une exp\u00e9rience unique avec un ch\u00e8que-cadeau, disponible sur notre boutique en ligne<\/p>\n","protected":false},"author":1,"featured_media":0,"parent":0,"menu_order":0,"comment_status":"closed","ping_status":"closed","template":"","meta":{"footnotes":""},"class_list":["post-11","page","type-page","status-publish","hentry"],"_links":{"self":[{"href":"https:\/\/faunessence.be\/index.php\/wp-json\/wp\/v2\/pages\/11","targetHints":{"allow":["GET"]}}],"collection":[{"href":"https:\/\/faunessence.be\/index.php\/wp-json\/wp\/v2\/pages"}],"about":[{"href":"https:\/\/faunessence.be\/index.php\/wp-json\/wp\/v2\/types\/page"}],"author":[{"embeddable":true,"href":"https:\/\/faunessence.be\/index.php\/wp-json\/wp\/v2\/users\/1"}],"replies":[{"embeddable":true,"href":"https:\/\/faunessence.be\/index.php\/wp-json\/wp\/v2\/comments?post=11"}],"version-history":[{"count":8,"href":"https:\/\/faunessence.be\/index.php\/wp-json\/wp\/v2\/pages\/11\/revisions"}],"predecessor-version":[{"id":579,"href":"https:\/\/faunessence.be\/index.php\/wp-json\/wp\/v2\/pages\/11\/revisions\/579"}],"wp:attachment":[{"href":"https:\/\/faunessence.be\/index.php\/wp-json\/wp\/v2\/media?parent=11"}],"curies":[{"name":"wp","href":"https:\/\/api.w.org\/{rel}","templated":true}]}}