{"id":13,"date":"2026-03-01T10:19:06","date_gmt":"2026-03-01T10:19:06","guid":{"rendered":"http:\/\/nouveau.faunessenew.be\/?page_id=13"},"modified":"2026-03-10T21:40:58","modified_gmt":"2026-03-10T21:40:58","slug":"shooting-rapaces","status":"publish","type":"page","link":"https:\/\/faunessence.be\/index.php\/shooting-rapaces\/","title":{"rendered":"Shooting rapaces"},"content":{"rendered":"\n<h1 class=\"wp-block-heading has-text-align-center\">Shooting photo avec nos rapaces et animaux<\/h1>\n\n\n\n<p>Envie d\u2019un <strong>souvenir unique<\/strong>\u202f? Offrez-vous une s\u00e9ance photo en compagnie de nos <strong>rapaces<\/strong>\u2026 et m\u00eame de nos autres animaux si vous le souhaitez !<\/p>\n\n\n\n<p>Pas besoin d\u2019\u00eatre mannequin : ces photos sont parfaites pour <strong>immortaliser un moment<\/strong>, cr\u00e9er du contenu pour les <strong>r\u00e9seaux sociaux<\/strong>, ou simplement pour le <strong>plaisir de la photo<\/strong>.<\/p>\n\n\n\n<p><strong>Anniversaire, f\u00eate ou moment \u00e0 s\u2019offrir ou \u00e0 offrir<\/strong>, nos animaux seront vos complices le temps d\u2019une s\u00e9ance magique.<\/p>\n\n\n\n<p>Pendant le shooting, nous nous occupons de la gestion et du positionnement des animaux afin qu\u2019ils soient plac\u00e9s au mieux pour les photos, pendant que <strong>vous ou votre photographe<\/strong> prenez les photos. (Astuce\u202f: un ami passionn\u00e9 de photo peut faire des merveilles !)<\/p>\n\n\n\n<p>Si vous le souhaitez, nous pouvons \u00e9galement vous <strong>conseiller une photographe<\/strong> qui a l\u2019habitude de r\u00e9aliser des shootings avec nos animaux.<\/p>\n\n\n\n<h3 class=\"wp-block-heading\">R\u00e9servez votre s\u00e9ance<\/h3>\n\n\n\n<p>\ud83d\udce9 <strong>Int\u00e9ress\u00e9(e) ? <a href=\"mailto:info@faunessence.be\" data-type=\"mailto\" data-id=\"mailto:info@faunessenew.be\">Contactez-nous<\/a> pour r\u00e9server votre shooting ou obtenir plus d\u2019infos.<\/strong><\/p>\n\n\n\n<p><\/p>\n\n\n\n<p><\/p>\n","protected":false},"excerpt":{"rendered":"<p>Shooting photo avec nos rapaces et animaux Envie d\u2019un souvenir unique\u202f? Offrez-vous une s\u00e9ance photo en compagnie de nos rapaces\u2026 et m\u00eame de nos autres animaux si vous le souhaitez ! Pas besoin d\u2019\u00eatre mannequin : ces photos sont parfaites pour immortaliser un moment, cr\u00e9er du contenu pour les r\u00e9seaux sociaux, ou simplement pour le plaisir de la photo. Anniversaire, f\u00eate ou moment \u00e0 s\u2019offrir ou \u00e0 offrir, nos animaux seront vos complices le temps d\u2019une s\u00e9ance magique. Pendant le shooting, nous nous occupons de la gestion et du positionnement des animaux afin qu\u2019ils soient plac\u00e9s au mieux pour les photos, pendant que vous ou votre photographe prenez les photos. (Astuce\u202f: un ami passionn\u00e9 de photo peut faire des merveilles !) Si vous le souhaitez, nous pouvons \u00e9galement vous conseiller une photographe qui a l\u2019habitude de r\u00e9aliser des shootings avec nos animaux. R\u00e9servez votre s\u00e9ance \ud83d\udce9 Int\u00e9ress\u00e9(e) ? Contactez-nous pour r\u00e9server votre shooting ou obtenir plus d\u2019infos.<\/p>\n","protected":false},"author":1,"featured_media":0,"parent":0,"menu_order":0,"comment_status":"closed","ping_status":"closed","template":"","meta":{"footnotes":""},"class_list":["post-13","page","type-page","status-publish","hentry"],"_links":{"self":[{"href":"https:\/\/faunessence.be\/index.php\/wp-json\/wp\/v2\/pages\/13","targetHints":{"allow":["GET"]}}],"collection":[{"href":"https:\/\/faunessence.be\/index.php\/wp-json\/wp\/v2\/pages"}],"about":[{"href":"https:\/\/faunessence.be\/index.php\/wp-json\/wp\/v2\/types\/page"}],"author":[{"embeddable":true,"href":"https:\/\/faunessence.be\/index.php\/wp-json\/wp\/v2\/users\/1"}],"replies":[{"embeddable":true,"href":"https:\/\/faunessence.be\/index.php\/wp-json\/wp\/v2\/comments?post=13"}],"version-history":[{"count":5,"href":"https:\/\/faunessence.be\/index.php\/wp-json\/wp\/v2\/pages\/13\/revisions"}],"predecessor-version":[{"id":583,"href":"https:\/\/faunessence.be\/index.php\/wp-json\/wp\/v2\/pages\/13\/revisions\/583"}],"wp:attachment":[{"href":"https:\/\/faunessence.be\/index.php\/wp-json\/wp\/v2\/media?parent=13"}],"curies":[{"name":"wp","href":"https:\/\/api.w.org\/{rel}","templated":true}]}}