{"id":17,"date":"2026-03-01T10:19:48","date_gmt":"2026-03-01T10:19:48","guid":{"rendered":"http:\/\/nouveau.faunessenew.be\/?page_id=17"},"modified":"2026-03-10T21:36:41","modified_gmt":"2026-03-10T21:36:41","slug":"groupe-scolaire-parascolaire","status":"publish","type":"page","link":"https:\/\/faunessence.be\/index.php\/groupe-scolaire-parascolaire\/","title":{"rendered":"Groupe scolaire \/ parascolaire"},"content":{"rendered":"\n<h1 class=\"wp-block-heading has-text-align-center\">Une exp\u00e9rience unique pour tous les groupes<\/h1>\n\n\n\n<p>Que vous soyez <strong>\u00e9cole, centre de loisirs, institution ou association sp\u00e9cialis\u00e9e<\/strong>, nos activit\u00e9s offrent \u00e0 votre groupe une <strong>immersion dans le monde des animaux et de la nature<\/strong>, adapt\u00e9e \u00e0 tous les \u00e2ges et profils.<\/p>\n\n\n\n<p>D\u00e9couvrir, observer et interagir avec nos animaux permet de <strong>stimuler la curiosit\u00e9, le respect du vivant et le lien avec la nature<\/strong>, tout en partageant un moment ludique et enrichissant.<\/p>\n\n\n\n<h3 class=\"wp-block-heading\">Nos ateliers<\/h3>\n\n\n\n<p><strong>1\ufe0f\u20e3 \u00c0 la d\u00e9couverte des rapaces \u2013 2 heures<\/strong><\/p>\n\n\n\n<ul class=\"wp-block-list\">\n<li>Rencontre avec diff\u00e9rentes esp\u00e8ces de <strong>rapaces diurnes et nocturnes<\/strong><\/li>\n\n\n\n<li>Pr\u00e9sentation des rapaces et de leurs particularit\u00e9s<\/li>\n\n\n\n<li><strong>Manipulation et tenue des rapaces au poing<\/strong><\/li>\n\n\n\n<li>Observation de <strong>vols d\u2019un rapace diurne et d\u2019un nocturne<\/strong><\/li>\n\n\n\n<li>Participation au <strong>rappel des rapaces pendant leur vol<\/strong><\/li>\n<\/ul>\n\n\n\n<p><strong>2\ufe0f\u20e3 \u00c0 la d\u00e9couverte des rapaces et des animaux \u2013 2 ou 3 heures<\/strong><\/p>\n\n\n\n<ul class=\"wp-block-list\">\n<li>Rencontre avec nos <strong>rapaces<\/strong> et pr\u00e9sentation de leurs particularit\u00e9s<\/li>\n\n\n\n<li><strong>Manipulation et tenue des rapaces au poing<\/strong><\/li>\n\n\n\n<li>D\u00e9couverte et <strong>nourrissage des autres animaux<\/strong> : piranhas, volailles, lapins, cochons, \u00e2ne, vache, ch\u00e8vre, cigogne, paons\u2026<\/li>\n\n\n\n<li>Option <strong>3 heures<\/strong> : ajout des <strong>vols et rappels des rapaces<\/strong><\/li>\n<\/ul>\n\n\n\n<p><strong>Tarifs disponibles sur demande<\/strong><\/p>\n\n\n\n<h3 class=\"wp-block-heading\">Informations pratiques<\/h3>\n\n\n\n<p>Nos ateliers sont <strong>adapt\u00e9s \u00e0 la composition et aux besoins de votre groupe<\/strong>, pour garantir s\u00e9curit\u00e9, plaisir et int\u00e9r\u00eat p\u00e9dagogique.<\/p>\n\n\n\n<p>\ud83d\udce9 <strong>Int\u00e9ress\u00e9(e) ? <a href=\"mailto:info@faunessence.be\" data-type=\"mailto\" data-id=\"mailto:info@faunessenew.be\">Contactez-nous<\/a> pour<\/strong> <strong>organiser votre activit\u00e9 ou sortie de groupe !<\/strong><\/p>\n\n\n\n<p><\/p>\n","protected":false},"excerpt":{"rendered":"<p>Une exp\u00e9rience unique pour tous les groupes Que vous soyez \u00e9cole, centre de loisirs, institution ou association sp\u00e9cialis\u00e9e, nos activit\u00e9s offrent \u00e0 votre groupe une immersion dans le monde des animaux et de la nature, adapt\u00e9e \u00e0 tous les \u00e2ges et profils. D\u00e9couvrir, observer et interagir avec nos animaux permet de stimuler la curiosit\u00e9, le respect du vivant et le lien avec la nature, tout en partageant un moment ludique et enrichissant. Nos ateliers 1\ufe0f\u20e3 \u00c0 la d\u00e9couverte des rapaces \u2013 2 heures 2\ufe0f\u20e3 \u00c0 la d\u00e9couverte des rapaces et des animaux \u2013 2 ou 3 heures Tarifs disponibles sur demande Informations pratiques Nos ateliers sont adapt\u00e9s \u00e0 la composition et aux besoins de votre groupe, pour garantir s\u00e9curit\u00e9, plaisir et int\u00e9r\u00eat p\u00e9dagogique. \ud83d\udce9 Int\u00e9ress\u00e9(e) ? Contactez-nous pour organiser votre activit\u00e9 ou sortie de groupe !<\/p>\n","protected":false},"author":1,"featured_media":0,"parent":0,"menu_order":0,"comment_status":"closed","ping_status":"closed","template":"","meta":{"footnotes":""},"class_list":["post-17","page","type-page","status-publish","hentry"],"_links":{"self":[{"href":"https:\/\/faunessence.be\/index.php\/wp-json\/wp\/v2\/pages\/17","targetHints":{"allow":["GET"]}}],"collection":[{"href":"https:\/\/faunessence.be\/index.php\/wp-json\/wp\/v2\/pages"}],"about":[{"href":"https:\/\/faunessence.be\/index.php\/wp-json\/wp\/v2\/types\/page"}],"author":[{"embeddable":true,"href":"https:\/\/faunessence.be\/index.php\/wp-json\/wp\/v2\/users\/1"}],"replies":[{"embeddable":true,"href":"https:\/\/faunessence.be\/index.php\/wp-json\/wp\/v2\/comments?post=17"}],"version-history":[{"count":4,"href":"https:\/\/faunessence.be\/index.php\/wp-json\/wp\/v2\/pages\/17\/revisions"}],"predecessor-version":[{"id":578,"href":"https:\/\/faunessence.be\/index.php\/wp-json\/wp\/v2\/pages\/17\/revisions\/578"}],"wp:attachment":[{"href":"https:\/\/faunessence.be\/index.php\/wp-json\/wp\/v2\/media?parent=17"}],"curies":[{"name":"wp","href":"https:\/\/api.w.org\/{rel}","templated":true}]}}