{"id":19,"date":"2026-03-01T10:20:13","date_gmt":"2026-03-01T10:20:13","guid":{"rendered":"http:\/\/nouveau.faunessenew.be\/?page_id=19"},"modified":"2026-03-13T13:21:04","modified_gmt":"2026-03-13T13:21:04","slug":"parrainage-animaux","status":"publish","type":"page","link":"https:\/\/faunessence.be\/index.php\/parrainage-animaux\/","title":{"rendered":"Parrainage animaux"},"content":{"rendered":"\n<h1 class=\"wp-block-heading has-text-align-center\"><strong>Parrainez un de nos prot\u00e9g\u00e9s ! <\/strong><\/h1>\n\n\n\n<p><strong>Aidez-nous \u00e0 prendre soin d\u2019eux et faites une vraie diff\u00e9rence !<\/strong><br>Devenir Parrain ou Marraine, c\u2019est soutenir directement l\u2019un de nos prot\u00e9g\u00e9s et contribuer \u00e0 son bien-\u00eatre au quotidien. Chaque geste compte et est pr\u00e9cieux pour nous permettre de continuer \u00e0 prendre soin de chacun d\u2019eux.<\/p>\n\n\n\n<hr class=\"wp-block-separator has-alpha-channel-opacity\"\/>\n\n\n\n<h3 class=\"wp-block-heading\"><strong>Comment parrainer ?<\/strong><\/h3>\n\n\n\n<ol class=\"wp-block-list\">\n<li>Choisissez l\u2019animal que vous souhaitez parrainer parmi nos \u00ab\u202fprot\u00e9g\u00e9s\u202f\u00bb.<\/li>\n\n\n\n<li>Remplissez le formulaire d\u00e9di\u00e9 et envoyez-le-nous.<\/li>\n\n\n\n<li>Effectuez votre versement.<\/li>\n<\/ol>\n\n\n\n<div class=\"wp-block-buttons is-layout-flex wp-block-buttons-is-layout-flex\">\n<div class=\"wp-block-button\"><a class=\"wp-block-button__link wp-element-button\" href=\"https:\/\/faunessence.be\/index.php\/formulaire-de-parrainage-2\/\" target=\"_blank\" rel=\"noreferrer noopener\">Formulaire de parrainage<\/a><\/div>\n\n\n\n<div class=\"wp-block-button\"><a class=\"wp-block-button__link wp-element-button\" href=\"https:\/\/faunessence.be\/index.php\/animaux-a-parrainer\/\" target=\"_blank\" rel=\"noreferrer noopener\">Animaux \u00e0 parrainer<\/a><\/div>\n<\/div>\n\n\n\n<h3 class=\"wp-block-heading\"><strong>Nos formules de parrainage<\/strong><\/h3>\n\n\n\n<h4 class=\"wp-block-heading\"><strong>Donateur \u2013 25\u20ac \/ an<\/strong><\/h4>\n\n\n\n<ul class=\"wp-block-list\">\n<li>Votre nom sera repris sur notre site internet aupr\u00e8s de celui de votre filleul<\/li>\n\n\n\n<li>Vous recevez un certificat de parrainage (PDF)<\/li>\n<\/ul>\n\n\n\n<h4 class=\"wp-block-heading\"><strong>Bienfaiteur \u2013 50\u20ac \/ an ou 5\u20ac \/ mois<\/strong><\/h4>\n\n\n\n<ul class=\"wp-block-list\">\n<li>Votre nom sera repris sur notre site internet aupr\u00e8s de celui de votre filleul<\/li>\n\n\n\n<li>Vous recevez un certificat de parrainage (PDF)<\/li>\n\n\n\n<li>Vous recevez un bon d\u2019une valeur de 5\u20ac \u00e0 utiliser ou offrir pour nos activit\u00e9s<br><em>(remis apr\u00e8s 10 versements pour les parrainages mensuels)<\/em><\/li>\n<\/ul>\n\n\n\n<h4 class=\"wp-block-heading\"><strong>Protecteur \u2013 100\u20ac \/ an ou 10\u20ac \/ mois<\/strong><\/h4>\n\n\n\n<ul class=\"wp-block-list\">\n<li>Votre nom sera repris sur notre site internet aupr\u00e8s de celui de votre filleul<\/li>\n\n\n\n<li>Votre nom sera repris sur notre tableau des \u00ab\u00a0protecteurs\u00a0\u00bb expos\u00e9 \u00e0 l&rsquo;accueil<\/li>\n\n\n\n<li>Vous recevez un certificat de parrainage (PDF)<\/li>\n\n\n\n<li>Vous recevez un bon d\u2019une valeur de 10\u20ac \u00e0 utiliser ou offrir pour nos activit\u00e9s<br><em>(remis apr\u00e8s 10 versements pour les parrainages mensuels)<\/em><\/li>\n\n\n\n<li>Vous serez invit\u00e9 \u00e0 notre rencontre annuelle des parrains et marraines pour rencontrer les autres parrains et votre filleul autour d\u2019un verre de l\u2019amiti\u00e9<\/li>\n\n\n\n<li>Lors de notre f\u00eate annuelle, vous pourrez assister au vol libre de nos rapaces et y participer activement<\/li>\n<\/ul>\n\n\n\n<hr class=\"wp-block-separator has-alpha-channel-opacity\"\/>\n\n\n\n<p>Merci de <strong>verser le montant choisi<\/strong> soit via virement bancaire unique ou via ordre permanent mensuel<br>sur le compte de l&rsquo;association :<br><strong>BE06 7512 1148 7322<\/strong><br>Avec en communication \u00ab Parrainage \u2013 nom \u2013 animal parrain\u00e9\u00bb.<\/p>\n\n\n\n<p><strong>Un grand merci pour votre soutien aux animaux !<\/strong><\/p>\n\n\n\n<hr class=\"wp-block-separator has-alpha-channel-opacity\"\/>\n\n\n\n<h3 class=\"wp-block-heading\"><strong>Faire un don<\/strong><\/h3>\n\n\n\n<p>Il est \u00e9galement possible de faire un don du montant que vous souhaitez.<\/p>\n\n\n\n<a href=\"https:\/\/www.paypal.me\/faunessence\" target=\"_blank\">\n  <img decoding=\"async\" src=\"https:\/\/www.paypalobjects.com\/fr_FR\/BE\/i\/btn\/btn_donateCC_LG.gif\" \n       alt=\"Faire un don avec PayPal\">\n<\/a>\n\n\n\n<div class=\"wp-block-buttons is-layout-flex wp-block-buttons-is-layout-flex\"><\/div>\n\n\n\n<p><strong>Paiement s\u00e9curis\u00e9 en ligne avec PayPal<\/strong><\/p>\n\n\n\n<p><strong>Compte au nom de \u201cfaunessence asbl\u201d<\/strong><br>IBAN : BE06 7512 1148 7322<br>BIC : AXABBE22<\/p>\n","protected":false},"excerpt":{"rendered":"<p>Parrainez un de nos prot\u00e9g\u00e9s ! Aidez-nous \u00e0 prendre soin d\u2019eux et faites une vraie diff\u00e9rence !Devenir Parrain ou Marraine, c\u2019est soutenir directement l\u2019un de nos prot\u00e9g\u00e9s et contribuer \u00e0 son bien-\u00eatre au quotidien. Chaque geste compte et est pr\u00e9cieux pour nous permettre de continuer \u00e0 prendre soin de chacun d\u2019eux. Comment parrainer ? Nos formules de parrainage Donateur \u2013 25\u20ac \/ an Bienfaiteur \u2013 50\u20ac \/ an ou 5\u20ac \/ mois Protecteur \u2013 100\u20ac \/ an ou 10\u20ac \/ mois Merci de verser le montant choisi soit via virement bancaire unique ou via ordre permanent mensuelsur le compte de l&rsquo;association :BE06 7512 1148 7322Avec en communication \u00ab Parrainage \u2013 nom \u2013 animal parrain\u00e9\u00bb. Un grand merci pour votre soutien aux animaux ! Faire un don Il est \u00e9galement possible de faire un don du montant que vous souhaitez. Paiement s\u00e9curis\u00e9 en ligne avec PayPal Compte au nom de \u201cfaunessence asbl\u201dIBAN : BE06 7512 1148 7322BIC : AXABBE22<\/p>\n","protected":false},"author":1,"featured_media":0,"parent":0,"menu_order":0,"comment_status":"closed","ping_status":"closed","template":"","meta":{"footnotes":""},"class_list":["post-19","page","type-page","status-publish","hentry"],"_links":{"self":[{"href":"https:\/\/faunessence.be\/index.php\/wp-json\/wp\/v2\/pages\/19","targetHints":{"allow":["GET"]}}],"collection":[{"href":"https:\/\/faunessence.be\/index.php\/wp-json\/wp\/v2\/pages"}],"about":[{"href":"https:\/\/faunessence.be\/index.php\/wp-json\/wp\/v2\/types\/page"}],"author":[{"embeddable":true,"href":"https:\/\/faunessence.be\/index.php\/wp-json\/wp\/v2\/users\/1"}],"replies":[{"embeddable":true,"href":"https:\/\/faunessence.be\/index.php\/wp-json\/wp\/v2\/comments?post=19"}],"version-history":[{"count":26,"href":"https:\/\/faunessence.be\/index.php\/wp-json\/wp\/v2\/pages\/19\/revisions"}],"predecessor-version":[{"id":597,"href":"https:\/\/faunessence.be\/index.php\/wp-json\/wp\/v2\/pages\/19\/revisions\/597"}],"wp:attachment":[{"href":"https:\/\/faunessence.be\/index.php\/wp-json\/wp\/v2\/media?parent=19"}],"curies":[{"name":"wp","href":"https:\/\/api.w.org\/{rel}","templated":true}]}}