{"id":25,"date":"2026-03-01T10:21:12","date_gmt":"2026-03-01T10:21:12","guid":{"rendered":"http:\/\/nouveau.faunessenew.be\/?page_id=25"},"modified":"2026-03-20T09:49:10","modified_gmt":"2026-03-20T09:49:10","slug":"contact","status":"publish","type":"page","link":"https:\/\/faunessence.be\/index.php\/contact\/","title":{"rendered":"Contact"},"content":{"rendered":"\n<h1 class=\"wp-block-heading has-text-align-center\"><strong>Contactez-nous<\/strong><\/h1>\n\n\n\n<p>Vous souhaitez en savoir plus sur nos stages de fauconnerie, nos ateliers ou nos \u00e9v\u00e9nements ? Rien de plus simple !<\/p>\n\n\n\n<h3 class=\"wp-block-heading\"><strong>Par e-mail<\/strong><\/h3>\n\n\n\n<p>\u00c9crivez-nous directement \u00e0 :<br><strong><a href=\"mailto:info@faunessence.be\" data-type=\"mailto\" data-id=\"mailto:info@faunessenew.be\">info@faunessence.be<\/a><\/strong><br>Nous r\u00e9pondons \u00e0 toutes vos demandes rapidement. \u26a1<br><em>(Pensez \u00e0 v\u00e9rifier vos courriers ind\u00e9sirables si vous n\u2019avez pas de r\u00e9ponse !)<\/em><\/p>\n\n\n\n<h3 class=\"wp-block-heading\"><strong>Sur Facebook<\/strong><\/h3>\n\n\n\n<p>Rejoignez-nous et envoyez-nous un message :<br><a href=\"https:\/\/www.facebook.com\/faunessence\" data-type=\"link\" data-id=\"https:\/\/www.facebook.com\/faunessenew\" target=\"_blank\" rel=\"noreferrer noopener\">Faunessence sur Facebook<\/a><\/p>\n\n\n\n<iframe src=\"https:\/\/www.google.com\/maps\/embed?pb=!1m18!1m12!1m3!1d3024.4241860041557!2d3.8281597768616904!3d50.69240276991294!2m3!1f0!2f0!3f0!3m2!1i1024!2i768!4f13.1!3m3!1m2!1s0x47c3aa2efabc4429%3A0x7a6672c51c62a2db!2sfaunessenew%20asbl!5e1!3m2!1sfr!2sbe!4v1772386483857!5m2!1sfr!2sbe\" width=\"400\" height=\"300\" style=\"border:0;\" allowfullscreen=\"\" loading=\"lazy\" referrerpolicy=\"no-referrer-when-downgrade\"><\/iframe>\n\n\n\n<p>Installation priv\u00e9e : visites uniquement sur rendez-vous.<br><strong>faunessence ASBL<\/strong> \u2013 N\u00b0 entreprise : BE0559.895.084<\/p>\n\n\n\n<p><\/p>\n","protected":false},"excerpt":{"rendered":"<p>Contactez-nous Vous souhaitez en savoir plus sur nos stages de fauconnerie, nos ateliers ou nos \u00e9v\u00e9nements ? Rien de plus simple ! Par e-mail \u00c9crivez-nous directement \u00e0 :info@faunessence.beNous r\u00e9pondons \u00e0 toutes vos demandes rapidement. \u26a1(Pensez \u00e0 v\u00e9rifier vos courriers ind\u00e9sirables si vous n\u2019avez pas de r\u00e9ponse !) Sur Facebook Rejoignez-nous et envoyez-nous un message :Faunessence sur Facebook Installation priv\u00e9e : visites uniquement sur rendez-vous.faunessence ASBL \u2013 N\u00b0 entreprise : BE0559.895.084<\/p>\n","protected":false},"author":1,"featured_media":0,"parent":0,"menu_order":0,"comment_status":"closed","ping_status":"closed","template":"","meta":{"footnotes":""},"class_list":["post-25","page","type-page","status-publish","hentry"],"_links":{"self":[{"href":"https:\/\/faunessence.be\/index.php\/wp-json\/wp\/v2\/pages\/25","targetHints":{"allow":["GET"]}}],"collection":[{"href":"https:\/\/faunessence.be\/index.php\/wp-json\/wp\/v2\/pages"}],"about":[{"href":"https:\/\/faunessence.be\/index.php\/wp-json\/wp\/v2\/types\/page"}],"author":[{"embeddable":true,"href":"https:\/\/faunessence.be\/index.php\/wp-json\/wp\/v2\/users\/1"}],"replies":[{"embeddable":true,"href":"https:\/\/faunessence.be\/index.php\/wp-json\/wp\/v2\/comments?post=25"}],"version-history":[{"count":10,"href":"https:\/\/faunessence.be\/index.php\/wp-json\/wp\/v2\/pages\/25\/revisions"}],"predecessor-version":[{"id":616,"href":"https:\/\/faunessence.be\/index.php\/wp-json\/wp\/v2\/pages\/25\/revisions\/616"}],"wp:attachment":[{"href":"https:\/\/faunessence.be\/index.php\/wp-json\/wp\/v2\/media?parent=25"}],"curies":[{"name":"wp","href":"https:\/\/api.w.org\/{rel}","templated":true}]}}