{"id":27,"date":"2026-03-01T10:21:42","date_gmt":"2026-03-01T10:21:42","guid":{"rendered":"http:\/\/nouveau.faunessenew.be\/?page_id=27"},"modified":"2026-03-10T22:13:23","modified_gmt":"2026-03-10T22:13:23","slug":"agenda","status":"publish","type":"page","link":"https:\/\/faunessence.be\/index.php\/agenda\/","title":{"rendered":"Agenda"},"content":{"rendered":"\n<h1 class=\"wp-block-heading has-text-align-center\">R\u00e9servez votre exp\u00e9rience chez faunessence<\/h1>\n\n\n\n<p>Envie de vivre un moment privil\u00e9gi\u00e9 au plus pr\u00e8s des rapaces et des animaux ?<br>Que ce soit pour une <strong>activit\u00e9 en priv\u00e9<\/strong> ou une <strong>activit\u00e9 de groupe<\/strong>, nous vous accompagnons pour cr\u00e9er une exp\u00e9rience adapt\u00e9e \u00e0 vos envies.<\/p>\n\n\n\n<p>\ud83d\udce9 <strong>Toutes les r\u00e9servations se font sur demande par e-mail :<\/strong><br><strong><a href=\"mailto:info@faunessence.be\" data-type=\"mailto\" data-id=\"mailto:info@faunessenew.be\">info@faunessence.be<\/a><\/strong><\/p>\n\n\n\n<hr class=\"wp-block-separator has-alpha-channel-opacity\"\/>\n\n\n\n<h3 class=\"wp-block-heading\">Activit\u00e9s en priv\u00e9<\/h3>\n\n\n\n<p>L\u2019agenda ci-dessous reprend les <strong>plages horaires disponibles<\/strong> pour les activit\u00e9s organis\u00e9es en priv\u00e9.<\/p>\n\n\n\n<iframe loading=\"lazy\" src=\"https:\/\/calendar.google.com\/calendar\/embed?src=od4qq4u1l1jsp36aghe5l5u778%40group.calendar.google.com&#038;ctz=Europe%2FBrussels\" style=\"border: 0\" width=\"800\" height=\"600\" frameborder=\"0\" scrolling=\"no\"><\/iframe>\n\n\n\n<p><strong>Dur\u00e9e \u00e0 pr\u00e9voir selon l\u2019activit\u00e9 choisie :<\/strong><\/p>\n\n\n\n<ul class=\"wp-block-list\">\n<li>Initiation \u00e0 la fauconnerie \/ volerie<\/li>\n\n\n\n<li>Atelier \u00ab \u00c0 la d\u00e9couverte des rapaces et des animaux \u00bb<\/li>\n\n\n\n<li>Partie d\u2019un apprentissage de la fauconnerie en priv\u00e9<br>\u27a1\ufe0f Plage horaire de 3 heures<\/li>\n\n\n\n<li>Atelier \u00ab \u00c0 la d\u00e9couverte des rapaces \u00bb en priv\u00e9<br>\u27a1\ufe0f Plage horaire de 2 heures<\/li>\n<\/ul>\n\n\n\n<p>\u26a0\ufe0f Un <strong>suppl\u00e9ment<\/strong> est appliqu\u00e9 pour les activit\u00e9s priv\u00e9es organis\u00e9es <strong>le samedi, le dimanche et les jours f\u00e9ri\u00e9s<\/strong>.<\/p>\n\n\n\n<hr class=\"wp-block-separator has-alpha-channel-opacity\"\/>\n\n\n\n<h3 class=\"wp-block-heading\">Activit\u00e9s de groupe<\/h3>\n\n\n\n<p>Atelier cr\u00e9pusculaire avec les rapaces<br>\ud83d\uddd3\ufe0f 26 avril 2026 \u00e0 19h00<\/p>\n\n\n\n<p><strong><a href=\"https:\/\/www.faunatshop.com\/fr\/accueil\/46-365-atelier-collectif-a-la-decouverte-des-rapaces-.html#\/114-date-26_avril_2026\" data-type=\"link\" data-id=\"https:\/\/www.faunatshop.com\/fr\/accueil\/46-365-atelier-collectif-a-la-decouverte-des-rapaces-.html#\/114-date-26_avril_2026\" target=\"_blank\" rel=\"noreferrer noopener\">R\u00e9servez votre place pour l&rsquo;atelier<\/a><\/strong><\/p>\n\n\n\n<p>Atelier \u00ab \u00c0 la d\u00e9couverte des rapaces \u00bb<br>\ud83d\uddd3\ufe0f 24 mai 2026 \u00e0 10h00<\/p>\n\n\n\n<p><strong><a href=\"https:\/\/www.faunatshop.com\/fr\/accueil\/46-361-atelier-collectif-a-la-decouverte-des-rapaces-.html#\/105-date-24_mai_2026\" data-type=\"link\" data-id=\"https:\/\/www.faunatshop.com\/fr\/accueil\/46-361-atelier-collectif-a-la-decouverte-des-rapaces-.html#\/105-date-24_mai_2026\" target=\"_blank\" rel=\"noreferrer noopener\">R\u00e9servez votre place pour l&rsquo;atelier<\/a><\/strong><\/p>\n\n\n\n<p>Initiation \u00e0 la fauconnerie \/ volerie<br>\ud83d\uddd3\ufe0f 24 mai 2026 \u00e0 13h00<\/p>\n\n\n\n<p><strong><a href=\"https:\/\/www.faunatshop.com\/fr\/accueil\/53-363-initiation-a-la-fauconnerie-volerie-en-collectif.html#\/107-date_initiation_groupe-24_mai_2026\" data-type=\"link\" data-id=\"https:\/\/www.faunatshop.com\/fr\/accueil\/53-363-initiation-a-la-fauconnerie-volerie-en-collectif.html#\/107-date_initiation_groupe-24_mai_2026\" target=\"_blank\" rel=\"noreferrer noopener\">R\u00e9servez votre place pour l&rsquo;initiation<\/a><\/strong><\/p>\n\n\n\n<p><\/p>\n","protected":false},"excerpt":{"rendered":"<p>R\u00e9servez votre exp\u00e9rience chez faunessence Envie de vivre un moment privil\u00e9gi\u00e9 au plus pr\u00e8s des rapaces et des animaux ?Que ce soit pour une activit\u00e9 en priv\u00e9 ou une activit\u00e9 de groupe, nous vous accompagnons pour cr\u00e9er une exp\u00e9rience adapt\u00e9e \u00e0 vos envies. \ud83d\udce9 Toutes les r\u00e9servations se font sur demande par e-mail :info@faunessence.be Activit\u00e9s en priv\u00e9 L\u2019agenda ci-dessous reprend les plages horaires disponibles pour les activit\u00e9s organis\u00e9es en priv\u00e9. Dur\u00e9e \u00e0 pr\u00e9voir selon l\u2019activit\u00e9 choisie : \u26a0\ufe0f Un suppl\u00e9ment est appliqu\u00e9 pour les activit\u00e9s priv\u00e9es organis\u00e9es le samedi, le dimanche et les jours f\u00e9ri\u00e9s. Activit\u00e9s de groupe Atelier cr\u00e9pusculaire avec les rapaces\ud83d\uddd3\ufe0f 26 avril 2026 \u00e0 19h00 R\u00e9servez votre place pour l&rsquo;atelier Atelier \u00ab \u00c0 la d\u00e9couverte des rapaces \u00bb\ud83d\uddd3\ufe0f 24 mai 2026 \u00e0 10h00 R\u00e9servez votre place pour l&rsquo;atelier Initiation \u00e0 la fauconnerie \/ volerie\ud83d\uddd3\ufe0f 24 mai 2026 \u00e0 13h00 R\u00e9servez votre place pour l&rsquo;initiation<\/p>\n","protected":false},"author":1,"featured_media":0,"parent":0,"menu_order":0,"comment_status":"closed","ping_status":"closed","template":"","meta":{"footnotes":""},"class_list":["post-27","page","type-page","status-publish","hentry"],"_links":{"self":[{"href":"https:\/\/faunessence.be\/index.php\/wp-json\/wp\/v2\/pages\/27","targetHints":{"allow":["GET"]}}],"collection":[{"href":"https:\/\/faunessence.be\/index.php\/wp-json\/wp\/v2\/pages"}],"about":[{"href":"https:\/\/faunessence.be\/index.php\/wp-json\/wp\/v2\/types\/page"}],"author":[{"embeddable":true,"href":"https:\/\/faunessence.be\/index.php\/wp-json\/wp\/v2\/users\/1"}],"replies":[{"embeddable":true,"href":"https:\/\/faunessence.be\/index.php\/wp-json\/wp\/v2\/comments?post=27"}],"version-history":[{"count":10,"href":"https:\/\/faunessence.be\/index.php\/wp-json\/wp\/v2\/pages\/27\/revisions"}],"predecessor-version":[{"id":588,"href":"https:\/\/faunessence.be\/index.php\/wp-json\/wp\/v2\/pages\/27\/revisions\/588"}],"wp:attachment":[{"href":"https:\/\/faunessence.be\/index.php\/wp-json\/wp\/v2\/media?parent=27"}],"curies":[{"name":"wp","href":"https:\/\/api.w.org\/{rel}","templated":true}]}}