{"id":429,"date":"2026-03-01T20:56:14","date_gmt":"2026-03-01T20:56:14","guid":{"rendered":"http:\/\/nouveau.faunessenew.be\/?page_id=429"},"modified":"2026-04-20T07:01:52","modified_gmt":"2026-04-20T07:01:52","slug":"animaux-a-parrainer","status":"publish","type":"page","link":"https:\/\/faunessence.be\/index.php\/animaux-a-parrainer\/","title":{"rendered":"Animaux \u00e0 parrainer"},"content":{"rendered":"\n<div class=\"wp-block-media-text is-stacked-on-mobile\"><figure class=\"wp-block-media-text__media\"><img loading=\"lazy\" decoding=\"async\" width=\"300\" height=\"151\" src=\"https:\/\/faunessence.be\/wp-content\/uploads\/2026\/03\/parain-tyla.jpg\" alt=\"\" class=\"wp-image-445 size-full\"\/><\/figure><div class=\"wp-block-media-text__content\">\n<p>Tyla, aigle des steppes<\/p>\n\n\n\n<p>Merci \u00e0 son parrain Thierry Lefranc<\/p>\n<\/div><\/div>\n\n\n\n<div class=\"wp-block-media-text is-stacked-on-mobile\"><figure class=\"wp-block-media-text__media\"><img loading=\"lazy\" decoding=\"async\" width=\"299\" height=\"149\" src=\"https:\/\/faunessence.be\/wp-content\/uploads\/2026\/03\/parain-Nira.jpg\" alt=\"\" class=\"wp-image-446 size-full\"\/><\/figure><div class=\"wp-block-media-text__content\">\n<p>Nira, effraie des clochers<\/p>\n\n\n\n<p>Merci \u00e0 sa marraine Dominique Decort<\/p>\n<\/div><\/div>\n\n\n\n<div class=\"wp-block-media-text is-stacked-on-mobile\"><figure class=\"wp-block-media-text__media\"><img loading=\"lazy\" decoding=\"async\" width=\"299\" height=\"150\" src=\"https:\/\/faunessence.be\/wp-content\/uploads\/2026\/03\/parrain-bouriquet-1.jpg\" alt=\"\" class=\"wp-image-448 size-full\"\/><\/figure><div class=\"wp-block-media-text__content\">\n<p>Bourriquet, \u00e2ne<\/p>\n\n\n\n<p>Merci \u00e0 sa marraine Nora Michiels<\/p>\n<\/div><\/div>\n\n\n\n<div class=\"wp-block-media-text is-stacked-on-mobile\"><figure class=\"wp-block-media-text__media\"><img loading=\"lazy\" decoding=\"async\" width=\"297\" height=\"148\" src=\"https:\/\/faunessence.be\/wp-content\/uploads\/2026\/03\/parrain-olaf.jpg\" alt=\"\" class=\"wp-image-449 size-full\"\/><\/figure><div class=\"wp-block-media-text__content\">\n<p>Olaf, Harfang des neige<\/p>\n\n\n\n<p>Merci \u00e0 son parrain Jeremy Van den Bergh<\/p>\n<\/div><\/div>\n\n\n\n<div class=\"wp-block-media-text is-stacked-on-mobile\"><figure class=\"wp-block-media-text__media\"><img loading=\"lazy\" decoding=\"async\" width=\"298\" height=\"149\" src=\"https:\/\/faunessence.be\/wp-content\/uploads\/2026\/03\/parrain-keisha.jpg\" alt=\"\" class=\"wp-image-450 size-full\"\/><\/figure><div class=\"wp-block-media-text__content\">\n<p>Keisha, Leptogramme d&rsquo;Asie<\/p>\n<\/div><\/div>\n\n\n\n<div class=\"wp-block-media-text is-stacked-on-mobile\"><figure class=\"wp-block-media-text__media\"><img loading=\"lazy\" decoding=\"async\" width=\"299\" height=\"148\" src=\"https:\/\/faunessence.be\/wp-content\/uploads\/2026\/03\/parrain-sushi.jpg\" alt=\"\" class=\"wp-image-451 size-full\"\/><\/figure><div class=\"wp-block-media-text__content\">\n<p>Sushi, buse de Harris<\/p>\n\n\n\n<p>Merci \u00e0 son parrain Thierry Michiels<\/p>\n<\/div><\/div>\n\n\n\n<div class=\"wp-block-media-text is-stacked-on-mobile\"><figure class=\"wp-block-media-text__media\"><img loading=\"lazy\" decoding=\"async\" width=\"300\" height=\"149\" src=\"https:\/\/faunessence.be\/wp-content\/uploads\/2026\/03\/parrain-apophis.jpg\" alt=\"\" class=\"wp-image-452 size-full\"\/><\/figure><div class=\"wp-block-media-text__content\">\n<p>Apophis, Grand duc europ\u00e9en<\/p>\n\n\n\n<p>Merci \u00e0 son parrain Thierry Lefranc et sa marraine Sabrina Garcia Garrido<\/p>\n<\/div><\/div>\n\n\n\n<div class=\"wp-block-media-text is-stacked-on-mobile\"><figure class=\"wp-block-media-text__media\"><img loading=\"lazy\" decoding=\"async\" width=\"296\" height=\"150\" src=\"https:\/\/faunessence.be\/wp-content\/uploads\/2026\/03\/parrain-ziggyr.jpg\" alt=\"\" class=\"wp-image-453 size-full\"\/><\/figure><div class=\"wp-block-media-text__content\">\n<p>Ziggy, Urubu \u00e0 t\u00eate rouge<\/p>\n\n\n\n<p>Merci \u00e0 sa marraine Delphine Paulissen<\/p>\n<\/div><\/div>\n\n\n\n<div class=\"wp-block-media-text is-stacked-on-mobile\"><figure class=\"wp-block-media-text__media\"><img loading=\"lazy\" decoding=\"async\" width=\"300\" height=\"149\" src=\"https:\/\/faunessence.be\/wp-content\/uploads\/2026\/03\/parrain-jack-1.jpg\" alt=\"\" class=\"wp-image-456 size-full\"\/><\/figure><div class=\"wp-block-media-text__content\">\n<p>Jack, boeuf de Highland<\/p>\n\n\n\n<p>Merci \u00e0 sa marraine Nora Michiels<\/p>\n<\/div><\/div>\n\n\n\n<div class=\"wp-block-media-text is-stacked-on-mobile\"><figure class=\"wp-block-media-text__media\"><img loading=\"lazy\" decoding=\"async\" width=\"300\" height=\"149\" src=\"https:\/\/faunessence.be\/wp-content\/uploads\/2026\/03\/parrain-malice.jpg\" alt=\"\" class=\"wp-image-455 size-full\"\/><\/figure><div class=\"wp-block-media-text__content\">\n<p>Malice, Milan noir<\/p>\n\n\n\n<p>Merci \u00e0 son parrain Marcel Picavez<\/p>\n<\/div><\/div>\n\n\n\n<div class=\"wp-block-media-text is-stacked-on-mobile\"><figure class=\"wp-block-media-text__media\"><img loading=\"lazy\" decoding=\"async\" width=\"299\" height=\"150\" src=\"https:\/\/faunessence.be\/wp-content\/uploads\/2026\/03\/parain-draco.jpg\" alt=\"\" class=\"wp-image-458 size-full\"\/><\/figure><div class=\"wp-block-media-text__content\">\n<p>Draco, pogona<\/p>\n<\/div><\/div>\n\n\n\n<div class=\"wp-block-media-text is-stacked-on-mobile\"><figure class=\"wp-block-media-text__media\"><img loading=\"lazy\" decoding=\"async\" width=\"296\" height=\"149\" src=\"https:\/\/faunessence.be\/wp-content\/uploads\/2026\/03\/parain-Siam.jpg\" alt=\"\" class=\"wp-image-459 size-full\"\/><\/figure><div class=\"wp-block-media-text__content\">\n<p>Kio, cr\u00e9cerelle europ\u00e9en<\/p>\n<\/div><\/div>\n\n\n\n<div class=\"wp-block-media-text is-stacked-on-mobile\"><figure class=\"wp-block-media-text__media\"><img loading=\"lazy\" decoding=\"async\" width=\"297\" height=\"151\" src=\"https:\/\/faunessence.be\/wp-content\/uploads\/2026\/03\/parrain-timon.jpg\" alt=\"\" class=\"wp-image-460 size-full\"\/><\/figure><div class=\"wp-block-media-text__content\">\n<p>Timon, cochon vietnamien<\/p>\n<\/div><\/div>\n\n\n\n<div class=\"wp-block-media-text is-stacked-on-mobile\"><figure class=\"wp-block-media-text__media\"><img loading=\"lazy\" decoding=\"async\" width=\"297\" height=\"150\" src=\"https:\/\/faunessence.be\/wp-content\/uploads\/2026\/03\/parrain-rosita.jpg\" alt=\"\" class=\"wp-image-461 size-full\"\/><\/figure><div class=\"wp-block-media-text__content\">\n<p>Rosita, cigogne<\/p>\n<\/div><\/div>\n\n\n\n<div class=\"wp-block-media-text is-stacked-on-mobile\"><figure class=\"wp-block-media-text__media\"><img loading=\"lazy\" decoding=\"async\" width=\"298\" height=\"151\" src=\"https:\/\/faunessence.be\/wp-content\/uploads\/2026\/03\/parrain-barney.jpg\" alt=\"\" class=\"wp-image-462 size-full\"\/><\/figure><div class=\"wp-block-media-text__content\">\n<p>Barney, effraie des clochers<\/p>\n<\/div><\/div>\n\n\n\n<div class=\"wp-block-media-text is-stacked-on-mobile\"><figure class=\"wp-block-media-text__media\"><img loading=\"lazy\" decoding=\"async\" width=\"299\" height=\"148\" src=\"https:\/\/faunessence.be\/wp-content\/uploads\/2026\/03\/parain-manny.jpg\" alt=\"\" class=\"wp-image-463 size-full\"\/><\/figure><div class=\"wp-block-media-text__content\">\n<p>Manny, Mainate de Java<\/p>\n<\/div><\/div>\n\n\n\n<div class=\"wp-block-media-text is-stacked-on-mobile\"><figure class=\"wp-block-media-text__media\"><img loading=\"lazy\" decoding=\"async\" width=\"300\" height=\"145\" src=\"https:\/\/faunessence.be\/wp-content\/uploads\/2026\/03\/parrain-buzz.jpg\" alt=\"\" class=\"wp-image-464 size-full\"\/><\/figure><div class=\"wp-block-media-text__content\">\n<p>Buzz, buse de Harris<\/p>\n<\/div><\/div>\n\n\n\n<div class=\"wp-block-media-text is-stacked-on-mobile\"><figure class=\"wp-block-media-text__media\"><img loading=\"lazy\" decoding=\"async\" width=\"297\" height=\"149\" src=\"https:\/\/faunessence.be\/wp-content\/uploads\/2026\/03\/parrain-cute.jpg\" alt=\"\" class=\"wp-image-465 size-full\"\/><\/figure><div class=\"wp-block-media-text__content\">\n<p>Cute, cr\u00e9cerelle am\u00e9ricain<\/p>\n<\/div><\/div>\n\n\n\n<div class=\"wp-block-media-text is-stacked-on-mobile\"><figure class=\"wp-block-media-text__media\"><img loading=\"lazy\" decoding=\"async\" width=\"296\" height=\"149\" src=\"https:\/\/faunessence.be\/wp-content\/uploads\/2026\/03\/parrain-nala.jpg\" alt=\"\" class=\"wp-image-466 size-full\"\/><\/figure><div class=\"wp-block-media-text__content\">\n<p>Nala, cochon vietnamien<\/p>\n<\/div><\/div>\n\n\n\n<div class=\"wp-block-media-text is-stacked-on-mobile\"><figure class=\"wp-block-media-text__media\"><img loading=\"lazy\" decoding=\"async\" width=\"300\" height=\"150\" src=\"https:\/\/faunessence.be\/wp-content\/uploads\/2026\/03\/parrain-darwin2.jpg\" alt=\"\" class=\"wp-image-533 size-full\"\/><\/figure><div class=\"wp-block-media-text__content\">\n<p>Darwin, buse tricolore<\/p>\n<\/div><\/div>\n\n\n\n<div class=\"wp-block-media-text is-stacked-on-mobile\"><figure class=\"wp-block-media-text__media\"><img loading=\"lazy\" decoding=\"async\" width=\"298\" height=\"150\" src=\"https:\/\/faunessence.be\/wp-content\/uploads\/2026\/03\/parrain-isis.jpg\" alt=\"\" class=\"wp-image-468 size-full\"\/><\/figure><div class=\"wp-block-media-text__content\">\n<p>Isis, Grand duc africain<\/p>\n<\/div><\/div>\n\n\n\n<div class=\"wp-block-media-text is-stacked-on-mobile\"><figure class=\"wp-block-media-text__media\"><img loading=\"lazy\" decoding=\"async\" width=\"298\" height=\"147\" src=\"https:\/\/faunessence.be\/wp-content\/uploads\/2026\/03\/parrain-peter.jpg\" alt=\"\" class=\"wp-image-469 size-full\"\/><\/figure><div class=\"wp-block-media-text__content\">\n<p>Peeter, bouc Saanen<\/p>\n<\/div><\/div>\n\n\n\n<div class=\"wp-block-media-text is-stacked-on-mobile\"><figure class=\"wp-block-media-text__media\"><img loading=\"lazy\" decoding=\"async\" width=\"294\" height=\"147\" src=\"https:\/\/faunessence.be\/wp-content\/uploads\/2026\/03\/parrain-makuu.jpg\" alt=\"\" class=\"wp-image-470 size-full\"\/><\/figure><div class=\"wp-block-media-text__content\">\n<p>Makuu, corbeau<\/p>\n<\/div><\/div>\n\n\n\n<div class=\"wp-block-media-text is-stacked-on-mobile\"><figure class=\"wp-block-media-text__media\"><img loading=\"lazy\" decoding=\"async\" width=\"298\" height=\"147\" src=\"https:\/\/faunessence.be\/wp-content\/uploads\/2026\/03\/parrain-leo.jpg\" alt=\"\" class=\"wp-image-471 size-full\"\/><\/figure><div class=\"wp-block-media-text__content\">\n<p>L\u00e9o, cacato\u00e8s alba<\/p>\n<\/div><\/div>\n\n\n\n<div class=\"wp-block-media-text is-stacked-on-mobile\"><figure class=\"wp-block-media-text__media\"><img loading=\"lazy\" decoding=\"async\" width=\"298\" height=\"148\" src=\"https:\/\/faunessence.be\/wp-content\/uploads\/2026\/03\/parrain-kio.jpg\" alt=\"\" class=\"wp-image-472 size-full\"\/><\/figure><div class=\"wp-block-media-text__content\">\n<p>Siam, cr\u00e9cerelle europ\u00e9en<\/p>\n<\/div><\/div>\n\n\n\n<div class=\"wp-block-media-text is-stacked-on-mobile\"><figure class=\"wp-block-media-text__media\"><img loading=\"lazy\" decoding=\"async\" width=\"300\" height=\"149\" src=\"https:\/\/faunessence.be\/wp-content\/uploads\/2026\/03\/parrain-kiara.jpg\" alt=\"\" class=\"wp-image-473 size-full\"\/><\/figure><div class=\"wp-block-media-text__content\">\n<p>Kiara, ara ararauna<\/p>\n<\/div><\/div>\n\n\n\n<div class=\"wp-block-media-text is-stacked-on-mobile\"><figure class=\"wp-block-media-text__media\"><img loading=\"lazy\" decoding=\"async\" width=\"300\" height=\"150\" src=\"https:\/\/faunessence.be\/wp-content\/uploads\/2026\/03\/Parrain-greta.jpg\" alt=\"\" class=\"wp-image-553 size-full\"\/><\/figure><div class=\"wp-block-media-text__content\">\n<p>Greta, mouton Ouessant<\/p>\n<\/div><\/div>\n\n\n\n<div class=\"wp-block-media-text is-stacked-on-mobile\"><figure class=\"wp-block-media-text__media\"><img loading=\"lazy\" decoding=\"async\" width=\"300\" height=\"150\" src=\"https:\/\/faunessence.be\/wp-content\/uploads\/2026\/03\/Parrain-indra.jpg\" alt=\"\" class=\"wp-image-555 size-full\"\/><\/figure><div class=\"wp-block-media-text__content\">\n<p>Indra, \u00e9tourneau de Rothschild<\/p>\n<\/div><\/div>\n\n\n\n<div class=\"wp-block-media-text is-stacked-on-mobile\"><figure class=\"wp-block-media-text__media\"><img loading=\"lazy\" decoding=\"async\" width=\"300\" height=\"150\" src=\"https:\/\/faunessence.be\/wp-content\/uploads\/2026\/03\/parrain-colere.jpg\" alt=\"\" class=\"wp-image-556 size-full\"\/><\/figure><div class=\"wp-block-media-text__content\">\n<p>Col\u00e8re, ninoxe boubouk<\/p>\n<\/div><\/div>\n\n\n\n<div class=\"wp-block-media-text is-stacked-on-mobile\"><figure class=\"wp-block-media-text__media\"><img loading=\"lazy\" decoding=\"async\" width=\"300\" height=\"150\" src=\"https:\/\/faunessence.be\/wp-content\/uploads\/2026\/03\/Parrain-yuzu.jpg\" alt=\"\" class=\"wp-image-557 size-full\"\/><\/figure><div class=\"wp-block-media-text__content\">\n<p>Yuzu, buse de Harris<\/p>\n<\/div><\/div>\n\n\n\n<div class=\"wp-block-media-text is-stacked-on-mobile\"><figure class=\"wp-block-media-text__media\"><img loading=\"lazy\" decoding=\"async\" width=\"300\" height=\"150\" src=\"https:\/\/faunessence.be\/wp-content\/uploads\/2026\/03\/parrain-choquee.jpg\" alt=\"\" class=\"wp-image-558 size-full\"\/><\/figure><div class=\"wp-block-media-text__content\">\n<p>Choqu\u00e9e, ninoxe boubouk<\/p>\n<\/div><\/div>\n\n\n\n<div class=\"wp-block-media-text is-stacked-on-mobile\"><figure class=\"wp-block-media-text__media\"><img loading=\"lazy\" decoding=\"async\" width=\"700\" height=\"350\" src=\"https:\/\/faunessence.be\/wp-content\/uploads\/2026\/04\/parrain-flora.jpg\" alt=\"\" class=\"wp-image-630 size-full\" srcset=\"https:\/\/faunessence.be\/wp-content\/uploads\/2026\/04\/parrain-flora.jpg 700w, https:\/\/faunessence.be\/wp-content\/uploads\/2026\/04\/parrain-flora-300x150.jpg 300w\" sizes=\"auto, (max-width: 700px) 100vw, 700px\" \/><\/figure><div class=\"wp-block-media-text__content\">\n<p>Flora, mouton Ouessant<\/p>\n<\/div><\/div>\n\n\n\n<div class=\"wp-block-media-text is-stacked-on-mobile\"><figure class=\"wp-block-media-text__media\"><img loading=\"lazy\" decoding=\"async\" width=\"300\" height=\"150\" src=\"https:\/\/faunessence.be\/wp-content\/uploads\/2026\/03\/parrain-piranhas2.jpg\" alt=\"\" class=\"wp-image-560 size-full\"\/><\/figure><div class=\"wp-block-media-text__content\">\n<p>Les piranhas<\/p>\n<\/div><\/div>\n\n\n\n<div class=\"wp-block-media-text is-stacked-on-mobile\"><figure class=\"wp-block-media-text__media\"><img loading=\"lazy\" decoding=\"async\" width=\"300\" height=\"150\" src=\"https:\/\/faunessence.be\/wp-content\/uploads\/2026\/03\/Parrain-tortue-terre.jpg\" alt=\"\" class=\"wp-image-561 size-full\"\/><\/figure><div class=\"wp-block-media-text__content\">\n<p>Caroline, tortue de steppes<\/p>\n<\/div><\/div>\n\n\n\n<div class=\"wp-block-media-text is-stacked-on-mobile\"><figure class=\"wp-block-media-text__media\"><img loading=\"lazy\" decoding=\"async\" width=\"300\" height=\"150\" src=\"https:\/\/faunessence.be\/wp-content\/uploads\/2026\/03\/parrain-leon.jpg\" alt=\"\" class=\"wp-image-563 size-full\"\/><\/figure><div class=\"wp-block-media-text__content\">\n<p>L\u00e9on, paon bleu<\/p>\n<\/div><\/div>\n\n\n\n<div class=\"wp-block-media-text is-stacked-on-mobile\"><figure class=\"wp-block-media-text__media\"><img loading=\"lazy\" decoding=\"async\" width=\"300\" height=\"150\" src=\"https:\/\/faunessence.be\/wp-content\/uploads\/2026\/03\/parrain-edouard.jpg\" alt=\"\" class=\"wp-image-567 size-full\"\/><\/figure><div class=\"wp-block-media-text__content\">\n<p>Edouard, corbeau \u00e0 nuque blanche<\/p>\n<\/div><\/div>\n\n\n\n<div class=\"wp-block-media-text is-stacked-on-mobile\"><figure class=\"wp-block-media-text__media\"><img loading=\"lazy\" decoding=\"async\" width=\"300\" height=\"150\" src=\"https:\/\/faunessence.be\/wp-content\/uploads\/2026\/03\/parrain-geraldine.jpg\" alt=\"\" class=\"wp-image-569 size-full\"\/><\/figure><div class=\"wp-block-media-text__content\">\n<p>G\u00e9raldine, cistude d&rsquo;europe<\/p>\n<\/div><\/div>\n\n\n\n<p><\/p>\n","protected":false},"excerpt":{"rendered":"<p>Tyla, aigle des steppes Merci \u00e0 son parrain Thierry Lefranc Nira, effraie des clochers Merci \u00e0 sa marraine Dominique Decort Bourriquet, \u00e2ne Merci \u00e0 sa marraine Nora Michiels Olaf, Harfang des neige Merci \u00e0 son parrain Jeremy Van den Bergh Keisha, Leptogramme d&rsquo;Asie Sushi, buse de Harris Merci \u00e0 son parrain Thierry Michiels Apophis, Grand duc europ\u00e9en Merci \u00e0 son parrain Thierry Lefranc et sa marraine Sabrina Garcia Garrido Ziggy, Urubu \u00e0 t\u00eate rouge Merci \u00e0 sa marraine Delphine Paulissen Jack, boeuf de Highland Merci \u00e0 sa marraine Nora Michiels Malice, Milan noir Merci \u00e0 son parrain Marcel Picavez Draco, pogona Kio, cr\u00e9cerelle europ\u00e9en Timon, cochon vietnamien Rosita, cigogne Barney, effraie des clochers Manny, Mainate de Java Buzz, buse de Harris Cute, cr\u00e9cerelle am\u00e9ricain Nala, cochon vietnamien Darwin, buse tricolore Isis, Grand duc africain Peeter, bouc Saanen Makuu, corbeau L\u00e9o, cacato\u00e8s alba Siam, cr\u00e9cerelle europ\u00e9en Kiara, ara ararauna Greta, mouton Ouessant Indra, \u00e9tourneau de Rothschild Col\u00e8re, ninoxe boubouk Yuzu, buse de Harris Choqu\u00e9e, ninoxe boubouk Flora, mouton Ouessant Les piranhas Caroline, tortue de steppes L\u00e9on, paon bleu Edouard, corbeau \u00e0 nuque blanche G\u00e9raldine, cistude d&rsquo;europe<\/p>\n","protected":false},"author":1,"featured_media":0,"parent":0,"menu_order":0,"comment_status":"closed","ping_status":"closed","template":"","meta":{"footnotes":""},"class_list":["post-429","page","type-page","status-publish","hentry"],"_links":{"self":[{"href":"https:\/\/faunessence.be\/index.php\/wp-json\/wp\/v2\/pages\/429","targetHints":{"allow":["GET"]}}],"collection":[{"href":"https:\/\/faunessence.be\/index.php\/wp-json\/wp\/v2\/pages"}],"about":[{"href":"https:\/\/faunessence.be\/index.php\/wp-json\/wp\/v2\/types\/page"}],"author":[{"embeddable":true,"href":"https:\/\/faunessence.be\/index.php\/wp-json\/wp\/v2\/users\/1"}],"replies":[{"embeddable":true,"href":"https:\/\/faunessence.be\/index.php\/wp-json\/wp\/v2\/comments?post=429"}],"version-history":[{"count":13,"href":"https:\/\/faunessence.be\/index.php\/wp-json\/wp\/v2\/pages\/429\/revisions"}],"predecessor-version":[{"id":644,"href":"https:\/\/faunessence.be\/index.php\/wp-json\/wp\/v2\/pages\/429\/revisions\/644"}],"wp:attachment":[{"href":"https:\/\/faunessence.be\/index.php\/wp-json\/wp\/v2\/media?parent=429"}],"curies":[{"name":"wp","href":"https:\/\/api.w.org\/{rel}","templated":true}]}}