{"id":9,"date":"2026-03-01T10:18:20","date_gmt":"2026-03-01T10:18:20","guid":{"rendered":"http:\/\/nouveau.faunessenew.be\/?page_id=9"},"modified":"2026-03-13T12:46:35","modified_gmt":"2026-03-13T12:46:35","slug":"fauconnerie-volerie","status":"publish","type":"page","link":"https:\/\/faunessence.be\/index.php\/fauconnerie-volerie\/","title":{"rendered":"Fauconnerie &amp; Volerie"},"content":{"rendered":"\n<h1 class=\"wp-block-heading has-text-align-center\">Fauconnerie &amp; Volerie : Approchez les Rapaces<\/h1>\n\n\n\n<p>La fauconnerie, cet art fascinant qui allie technique et passion, vous ouvre ses portes. <\/p>\n\n\n\n<p>Chez faunessence, nous vous proposons de <strong>d\u00e9couvrir et manipuler nos rapaces de tr\u00e8s pr\u00e8s<\/strong>, dans un cadre respectueux de la nature et des animaux. Chaque activit\u00e9 est pens\u00e9e pour \u00eatre <strong>immersive, concr\u00e8te et captivante<\/strong>.<\/p>\n\n\n\n<p>Pour que chacun trouve son rythme, nos activit\u00e9s se d\u00e9clinent en <strong>groupe ou en priv\u00e9<\/strong>. Que vous veniez pour une <strong>initiation<\/strong> ou un <strong>stage complet<\/strong>, vous serez <strong>au plus pr\u00e8s des animaux<\/strong>.  Chaque s\u00e9ance combine une partie <strong>d\u00e9couverte<\/strong>, avec explications et r\u00e9ponses \u00e0 vos questions, et une partie <strong>pratique<\/strong>, o\u00f9 vous manipulez et ferez voler nos rapaces, vous d\u00e9couvrirez \u00e9galement certains de nos autres animaux selon l\u2019atelier choisi.<\/p>\n\n\n\n<p>Notre priorit\u00e9\u202f? <strong>Le bien\u2011\u00eatre des animaux<\/strong>. Les rapaces participants aux vols libres changent au fil de l\u2019ann\u00e9e pour leur permettre de se reposer. Parmi eux : buse de Harris, faucon cr\u00e9cerelle, aigle des steppes, Milan royal, Harfang des neiges, chouette leptogramme d\u2019Asie, grand-duc europ\u00e9en et africain, et bien d\u2019autres. Vous pouvez les d\u00e9couvrir plus en d\u00e9tails dans notre <strong>Galerie<\/strong> ou notre onglet <strong>Parrainage<\/strong>.<\/p>\n\n\n\n<h1 class=\"wp-block-heading has-text-align-left\"><strong><a href=\"https:\/\/www.faunatshop.com\/fr\/accueil\/52-233-atelier-prive-a-la-decouverte-des-rapaces-.html#\/26-nombre_de_participants-1\" data-type=\"link\" data-id=\"https:\/\/www.faunatshop.com\/fr\/accueil\/52-233-atelier-prive-a-la-decouverte-des-rapaces-.html#\/26-nombre_de_participants-1\" target=\"_blank\" rel=\"noreferrer noopener\">Atelier \u00ab \u00c0 la d\u00e9couverte des rapaces \u00bb<\/a><\/strong><\/h1>\n\n\n\n<ul class=\"wp-block-list\">\n<li>Rencontre avec diverses esp\u00e8ces de rapaces diurnes et nocturnes<\/li>\n\n\n\n<li>Pr\u00e9sentation des diff\u00e9rents rapaces et esp\u00e8ces pr\u00e9sentes<\/li>\n\n\n\n<li>Manipulation et tenue de diff\u00e9rents rapaces au poing<\/li>\n\n\n\n<li>Assister au vol d\u2019un rapace diurne et d\u2019un nocturne<\/li>\n\n\n\n<li>Participation active : rappel des rapaces au poing durant leur vol<\/li>\n<\/ul>\n\n\n\n<p><strong>=&gt; Atelier en collectif ou en priv\u00e9<\/strong><br><strong>Dur\u00e9e :<\/strong> 2 heures<br><strong>Tarif :<\/strong> 35\u20ac en collectif, \u00e0 partir de 60\u20ac en priv\u00e9 (tarif d\u00e9gressif selon le nombre de participants)<\/p>\n\n\n\n<hr class=\"wp-block-separator has-alpha-channel-opacity\"\/>\n\n\n\n<h1 class=\"wp-block-heading\"><strong><a href=\"https:\/\/www.faunatshop.com\/fr\/accueil\/54-249-hummingbird-printed-t-shirt.html#\/26-nombre_de_participants-1\" data-type=\"link\" data-id=\"https:\/\/www.faunatshop.com\/fr\/accueil\/54-249-hummingbird-printed-t-shirt.html#\/26-nombre_de_participants-1\" target=\"_blank\" rel=\"noreferrer noopener\">Atelier \u00ab \u00c0 la d\u00e9couverte des rapaces et des animaux \u00bb<\/a><\/strong><\/h1>\n\n\n\n<ul class=\"wp-block-list\">\n<li>Rencontre avec diverses esp\u00e8ces de rapaces diurnes et nocturnes<\/li>\n\n\n\n<li>Pr\u00e9sentation des diff\u00e9rents rapaces et esp\u00e8ces pr\u00e9sentes<\/li>\n\n\n\n<li>Manipulation et tenue de diff\u00e9rents rapaces au poing<\/li>\n\n\n\n<li>Assister au vol d\u2019un rapace diurne et d\u2019un nocturne<\/li>\n\n\n\n<li>Participation active : rappel des rapaces au poing durant leur vol<\/li>\n\n\n\n<li>Nourrissage et rencontres des volailles, lapins, cochons, \u00e2ne, vache, ch\u00e8vre, cigogne, paons, \u2026<\/li>\n<\/ul>\n\n\n\n<p><strong>=> Atelier en priv\u00e9<\/strong><br><strong>Dur\u00e9e :<\/strong> 1 demi-journ\u00e9e<br><strong>Tarif :<\/strong> \u00e0 partir de 90\u20ac en priv\u00e9 (tarif d\u00e9gressif selon le nombre de participants)<\/p>\n\n\n\n<hr class=\"wp-block-separator has-alpha-channel-opacity\"\/>\n\n\n\n<h1 class=\"wp-block-heading\"><strong><a href=\"https:\/\/www.faunatshop.com\/fr\/accueil\/1-46-initiation-privee-a-la-fauconnerie.html#\/26-nombre_de_participants-1\" data-type=\"link\" data-id=\"https:\/\/www.faunatshop.com\/fr\/accueil\/1-46-initiation-privee-a-la-fauconnerie.html#\/26-nombre_de_participants-1\" target=\"_blank\" rel=\"noreferrer noopener\">\u00ab Initiation \u00e0 la fauconnerie \/ volerie \u00bb<\/a><\/strong><\/h1>\n\n\n\n<ul class=\"wp-block-list\">\n<li>Rencontre avec diverses esp\u00e8ces de rapaces diurnes et nocturnes<\/li>\n\n\n\n<li>Pr\u00e9sentation des diff\u00e9rents rapaces et esp\u00e8ces pr\u00e9sentes<\/li>\n\n\n\n<li>Manipulation et tenue de diff\u00e9rents rapaces au poing<\/li>\n\n\n\n<li>Exploration de la diversit\u00e9 des esp\u00e8ces, de leur classification et de leur mode de vie<\/li>\n\n\n\n<li>D\u00e9couverte du mat\u00e9riel de fauconnerie et de son utilisation<\/li>\n\n\n\n<li>Assister au vol des rapaces (diurnes et nocturnes)<\/li>\n\n\n\n<li>Participation active : rappel des rapaces au poing durant leur vol<\/li>\n<\/ul>\n\n\n\n<p><strong>=> Initiation en groupe ou en priv\u00e9<\/strong><br><strong>Dur\u00e9e :<\/strong> 1 demi-journ\u00e9e<br><strong>Tarif :<\/strong> 50\u20ac en collectif, \u00e0 partir de 90\u20ac en priv\u00e9 (tarif d\u00e9gressif selon le nombre de participants)<\/p>\n\n\n\n<hr class=\"wp-block-separator has-alpha-channel-opacity\"\/>\n\n\n\n<h1 class=\"wp-block-heading\"><strong><a href=\"https:\/\/www.faunatshop.com\/fr\/accueil\/26-99-stage-d-apprentissage-de-la-fauconnerie.html#\/57-nombre_de_participants-1\" data-type=\"link\" data-id=\"https:\/\/www.faunatshop.com\/fr\/accueil\/26-99-stage-d-apprentissage-de-la-fauconnerie.html#\/57-nombre_de_participants-1\" target=\"_blank\" rel=\"noreferrer noopener\">Stage \u00ab Apprentissage de la fauconnerie \/ volerie \u00bb<\/a><\/strong><\/h1>\n\n\n\n<ul class=\"wp-block-list\">\n<li>Rencontre avec diverses esp\u00e8ces de rapaces diurnes et nocturnes<\/li>\n\n\n\n<li>Pr\u00e9sentation des diff\u00e9rents rapaces et esp\u00e8ces pr\u00e9sentes<\/li>\n\n\n\n<li>Exploration de la diversit\u00e9 des esp\u00e8ces, de leur classification et de leur mode de vie<\/li>\n\n\n\n<li>Aborder les notions de l\u2019affaitage<\/li>\n\n\n\n<li>Apprendre la r\u00e9alisation du n\u0153ud de fauconnerie<\/li>\n\n\n\n<li>Apprendre \u00e0 tenir au poing, manipuler et nourrir les rapaces<\/li>\n\n\n\n<li>Faire voler les rapaces<\/li>\n\n\n\n<li>D\u00e9couverte du mat\u00e9riel de fauconnerie et de son utilisation<\/li>\n\n\n\n<li>Fabrication du mat\u00e9riel de fauconnerie<\/li>\n\n\n\n<li>Aborder les installations n\u00e9cessaires \u00e0 la d\u00e9tention d\u2019un rapace<\/li>\n\n\n\n<li>Aborder la nutrition et les soins<\/li>\n\n\n\n<li>Effectuer la pes\u00e9e des rapaces et la pr\u00e9paration de la nourriture<\/li>\n\n\n\n<li>Aborder l\u2019anatomie du rapace et les principales maladies et leurs prophylaxies<\/li>\n<\/ul>\n\n\n\n<p><strong>=&gt; Apprentissage uniquement en priv\u00e9<\/strong><br><strong>Dur\u00e9e :<\/strong> 3 demi-journ\u00e9es<br><strong>Tarif :<\/strong> \u00e0 partir de 270\u20ac en priv\u00e9 (tarif d\u00e9gressif selon le nombre de participants)<\/p>\n\n\n\n<hr class=\"wp-block-separator has-alpha-channel-opacity\"\/>\n\n\n\n<h1 class=\"wp-block-heading\"><strong><a href=\"https:\/\/www.faunatshop.com\/fr\/accueil\/26-99-stage-d-apprentissage-de-la-fauconnerie.html#\/57-nombre_de_participants-1\" data-type=\"link\" data-id=\"https:\/\/www.faunatshop.com\/fr\/accueil\/26-99-stage-d-apprentissage-de-la-fauconnerie.html#\/57-nombre_de_participants-1\" target=\"_blank\" rel=\"noreferrer noopener\">\u00ab Cours personnalis\u00e9 et modules de perfectionnement \u00bb<\/a><\/strong><\/h1>\n\n\n\n<ul class=\"wp-block-list\">\n<li>Possibilit\u00e9 d\u2019une activit\u00e9 ponctuelle ou r\u00e9currente suite \u00e0 une formation chez nous<\/li>\n\n\n\n<li>Possibilit\u00e9 de venir pratiquer le vol libre avec nos oiseaux<\/li>\n\n\n\n<li>Possibilit\u00e9 de pratique et\/ou de th\u00e9orie (ex : peser les rapaces, faire voler les rapaces, nourrissage\u2026)<\/li>\n\n\n\n<li>Diverses th\u00e9matiques vous sont propos\u00e9es afin d\u2019approfondir votre formation de base<\/li>\n<\/ul>\n\n\n\n<p><strong>=> Cours personnalis\u00e9 uniquement en priv\u00e9<\/strong><br><strong>Dur\u00e9e :<\/strong> 1 demi-journ\u00e9e<br><strong>Tarif :<\/strong> \u00e0 partir de 90\u20ac en priv\u00e9 (tarif d\u00e9gressif selon le nombre de participants)<\/p>\n\n\n\n<hr class=\"wp-block-separator has-alpha-channel-opacity\"\/>\n\n\n\n<p>\ud83c\udf81 <strong>Une exp\u00e9rience unique avec un ch\u00e8que-cadeau<\/strong>, disponible sur notre <a href=\"https:\/\/www.faunatshop.com\/fr\/6-cheques_cadeau\" data-type=\"link\" data-id=\"https:\/\/www.faunatshop.com\/fr\/6-cheques_cadeau\" target=\"_blank\" rel=\"noreferrer noopener\">boutique en ligne<\/a>.<br>\ud83d\udce9 <strong>Int\u00e9ress\u00e9(e) ? <a href=\"mailto:info@faunessence.be\" data-type=\"mailto\" data-id=\"mailto:info@faunessenew.be\">Contactez-nous<\/a> pour r\u00e9server votre activit\u00e9 ou obtenir plus d\u2019infos.<\/strong><\/p>\n\n\n\n<p><\/p>\n","protected":false},"excerpt":{"rendered":"<p>Fauconnerie &amp; Volerie : Approchez les Rapaces La fauconnerie, cet art fascinant qui allie technique et passion, vous ouvre ses portes. Chez faunessence, nous vous proposons de d\u00e9couvrir et manipuler nos rapaces de tr\u00e8s pr\u00e8s, dans un cadre respectueux de la nature et des animaux. Chaque activit\u00e9 est pens\u00e9e pour \u00eatre immersive, concr\u00e8te et captivante. Pour que chacun trouve son rythme, nos activit\u00e9s se d\u00e9clinent en groupe ou en priv\u00e9. Que vous veniez pour une initiation ou un stage complet, vous serez au plus pr\u00e8s des animaux. Chaque s\u00e9ance combine une partie d\u00e9couverte, avec explications et r\u00e9ponses \u00e0 vos questions, et une partie pratique, o\u00f9 vous manipulez et ferez voler nos rapaces, vous d\u00e9couvrirez \u00e9galement certains de nos autres animaux selon l\u2019atelier choisi. Notre priorit\u00e9\u202f? Le bien\u2011\u00eatre des animaux. Les rapaces participants aux vols libres changent au fil de l\u2019ann\u00e9e pour leur permettre de se reposer. Parmi eux : buse de Harris, faucon cr\u00e9cerelle, aigle des steppes, Milan royal, Harfang des neiges, chouette leptogramme d\u2019Asie, grand-duc europ\u00e9en et africain, et bien d\u2019autres. Vous pouvez les d\u00e9couvrir plus en d\u00e9tails dans notre Galerie ou notre onglet Parrainage. Atelier \u00ab \u00c0 la d\u00e9couverte des rapaces \u00bb =&gt; Atelier en collectif ou en priv\u00e9Dur\u00e9e : 2 heuresTarif : 35\u20ac en collectif, \u00e0 partir de 60\u20ac en priv\u00e9 (tarif d\u00e9gressif selon le nombre de participants) Atelier \u00ab \u00c0 la d\u00e9couverte des rapaces et des animaux \u00bb => Atelier en priv\u00e9Dur\u00e9e : 1 demi-journ\u00e9eTarif : \u00e0 partir de 90\u20ac en priv\u00e9 (tarif d\u00e9gressif selon le nombre de participants) \u00ab Initiation \u00e0 la fauconnerie \/ volerie \u00bb => Initiation en groupe ou en priv\u00e9Dur\u00e9e : 1 demi-journ\u00e9eTarif : 50\u20ac en collectif, \u00e0 partir de 90\u20ac en priv\u00e9 (tarif d\u00e9gressif selon le nombre de participants) Stage \u00ab Apprentissage de la fauconnerie \/ volerie \u00bb =&gt; Apprentissage uniquement en priv\u00e9Dur\u00e9e : 3 demi-journ\u00e9esTarif : \u00e0 partir de 270\u20ac en priv\u00e9 (tarif d\u00e9gressif selon le nombre de participants) \u00ab Cours personnalis\u00e9 et modules de perfectionnement \u00bb => Cours personnalis\u00e9 uniquement en priv\u00e9Dur\u00e9e : 1 demi-journ\u00e9eTarif : \u00e0 partir de 90\u20ac en priv\u00e9 (tarif d\u00e9gressif selon le nombre de participants) \ud83c\udf81 Une exp\u00e9rience unique avec un ch\u00e8que-cadeau, disponible sur notre boutique en ligne.\ud83d\udce9 Int\u00e9ress\u00e9(e) ? Contactez-nous pour r\u00e9server votre activit\u00e9 ou obtenir plus d\u2019infos.<\/p>\n","protected":false},"author":1,"featured_media":0,"parent":0,"menu_order":0,"comment_status":"closed","ping_status":"closed","template":"","meta":{"footnotes":""},"class_list":["post-9","page","type-page","status-publish","hentry"],"_links":{"self":[{"href":"https:\/\/faunessence.be\/index.php\/wp-json\/wp\/v2\/pages\/9","targetHints":{"allow":["GET"]}}],"collection":[{"href":"https:\/\/faunessence.be\/index.php\/wp-json\/wp\/v2\/pages"}],"about":[{"href":"https:\/\/faunessence.be\/index.php\/wp-json\/wp\/v2\/types\/page"}],"author":[{"embeddable":true,"href":"https:\/\/faunessence.be\/index.php\/wp-json\/wp\/v2\/users\/1"}],"replies":[{"embeddable":true,"href":"https:\/\/faunessence.be\/index.php\/wp-json\/wp\/v2\/comments?post=9"}],"version-history":[{"count":13,"href":"https:\/\/faunessence.be\/index.php\/wp-json\/wp\/v2\/pages\/9\/revisions"}],"predecessor-version":[{"id":595,"href":"https:\/\/faunessence.be\/index.php\/wp-json\/wp\/v2\/pages\/9\/revisions\/595"}],"wp:attachment":[{"href":"https:\/\/faunessence.be\/index.php\/wp-json\/wp\/v2\/media?parent=9"}],"curies":[{"name":"wp","href":"https:\/\/api.w.org\/{rel}","templated":true}]}}